{"id":80,"date":"2022-03-27T11:31:34","date_gmt":"2022-03-27T11:31:34","guid":{"rendered":"http:\/\/lagendaimmobilier.com\/?page_id=80"},"modified":"2022-03-29T00:19:06","modified_gmt":"2022-03-29T00:19:06","slug":"autres-services","status":"publish","type":"page","link":"https:\/\/lagendaimmobilier.com\/en\/autres-services\/","title":{"rendered":"Other services"},"content":{"rendered":"<div data-elementor-type=\"wp-page\" data-elementor-id=\"80\" class=\"elementor elementor-80\" data-elementor-post-type=\"page\">\n\t\t\t\t\t\t<section class=\"elementor-section elementor-top-section elementor-element elementor-element-34b37de elementor-section-boxed elementor-section-height-default elementor-section-height-default\" data-id=\"34b37de\" data-element_type=\"section\">\n\t\t\t\t\t\t<div class=\"elementor-container elementor-column-gap-default\">\n\t\t\t\t\t<div class=\"elementor-column elementor-col-100 elementor-top-column elementor-element elementor-element-080977d\" data-id=\"080977d\" data-element_type=\"column\">\n\t\t\t<div class=\"elementor-widget-wrap elementor-element-populated\">\n\t\t\t\t\t\t<div class=\"elementor-element elementor-element-7f8e775 elementor-widget elementor-widget-heading\" data-id=\"7f8e775\" data-element_type=\"widget\" data-widget_type=\"heading.default\">\n\t\t\t\t<div class=\"elementor-widget-container\">\n\t\t\t\t\t<h1 class=\"elementor-heading-title elementor-size-default\">A COMPLETE TEAM TO ASSIST YOU IN YOUR REAL ESTATE TASKS\nALL SERVICES IN ONE PLACE<\/h1>\t\t\t\t<\/div>\n\t\t\t\t<\/div>\n\t\t\t\t<div class=\"elementor-element elementor-element-027f69e elementor-widget elementor-widget-heading\" data-id=\"027f69e\" data-element_type=\"widget\" data-widget_type=\"heading.default\">\n\t\t\t\t<div class=\"elementor-widget-container\">\n\t\t\t\t\t<h2 class=\"elementor-heading-title elementor-size-default\">MESSAGING<\/h2>\t\t\t\t<\/div>\n\t\t\t\t<\/div>\n\t\t\t\t<div class=\"elementor-element elementor-element-40b0fc7 elementor-widget elementor-widget-text-editor\" data-id=\"40b0fc7\" data-element_type=\"widget\" data-widget_type=\"text-editor.default\">\n\t\t\t\t<div class=\"elementor-widget-container\">\n\t\t\t\t\t\t\t\t\tDo you have important documents to send?\n<br>\nNo problem, we offer a courier service.\n<br><br>\n- Delivery of original titles to your vendors<br>- Notary documents<br>\n- Inventory pickup from your supplier<br>\n- Delivery assured in 24 hours\t\t\t\t\t\t\t\t<\/div>\n\t\t\t\t<\/div>\n\t\t\t\t<div class=\"elementor-element elementor-element-db026c0 elementor-widget elementor-widget-heading\" data-id=\"db026c0\" data-element_type=\"widget\" data-widget_type=\"heading.default\">\n\t\t\t\t<div class=\"elementor-widget-container\">\n\t\t\t\t\t<h2 class=\"elementor-heading-title elementor-size-default\">EQUIPMENT RENTAL\n<\/h2>\t\t\t\t<\/div>\n\t\t\t\t<\/div>\n\t\t\t\t<div class=\"elementor-element elementor-element-b2557de elementor-widget elementor-widget-text-editor\" data-id=\"b2557de\" data-element_type=\"widget\" data-widget_type=\"text-editor.default\">\n\t\t\t\t<div class=\"elementor-widget-container\">\n\t\t\t\t\t\t\t\t\t<p>- Rental of metal piles<br \/>- Rental of white poles<br \/>- Addition rental (depending on available inventory)<br \/>- Sale of hardware (screws, nuts, etc.)<\/p>\t\t\t\t\t\t\t\t<\/div>\n\t\t\t\t<\/div>\n\t\t\t\t\t<\/div>\n\t\t<\/div>\n\t\t\t\t\t<\/div>\n\t\t<\/section>\n\t\t\t\t<\/div>","protected":false},"excerpt":{"rendered":"<p>A COMPLETE TEAM TO ASSIST YOU IN YOUR REAL ESTATE TASKS ALL SERVICES IN ONE PLACE Courier service You have important documents to send? No problem, we offer a courier service. - Delivery of original documents to your vendors - Notary documents - Inventory pick-up from your supplier - 24-hour delivery guaranteed.<\/p>","protected":false},"author":1,"featured_media":0,"parent":0,"menu_order":0,"comment_status":"closed","ping_status":"closed","template":"","meta":{"inline_featured_image":false,"footnotes":""},"class_list":["post-80","page","type-page","status-publish","hentry"],"yoast_head":"<!-- This site is optimized with the Yoast SEO Premium plugin v18.2.1 (Yoast SEO v26.3) - https:\/\/yoast.com\/wordpress\/plugins\/seo\/ -->\n<title>Autres services - L&#039;agenda immobilier<\/title>\n<meta name=\"robots\" content=\"index, follow, max-snippet:-1, max-image-preview:large, max-video-preview:-1\" \/>\n<link rel=\"canonical\" href=\"https:\/\/lagendaimmobilier.com\/en\/autres-services\/\" \/>\n<meta property=\"og:locale\" content=\"en_US\" \/>\n<meta property=\"og:type\" content=\"article\" \/>\n<meta property=\"og:title\" content=\"Autres services\" \/>\n<meta property=\"og:description\" content=\"UNE \u00c9QUIPE COMPL\u00c8TE POUR VOUS ASSISTER DANS VOS T\u00c2CHES IMMOBILI\u00c8RES TOUS LES SERVICES AU M\u00caME ENDROIT MESSAGERIE Vous avez des documents importants \u00e0 envoyer ? Aucun probl\u00e8me, nous offrons un service de messagerie. \u2022 Remise de titres originaux \u00e0 vos vendeurs\u2022 Documents notaires \u2022 Ramassage d\u2019inventaire chez votre fournisseur \u2022 Livraison assur\u00e9e en 24 heures [&hellip;]\" \/>\n<meta property=\"og:url\" content=\"https:\/\/lagendaimmobilier.com\/en\/autres-services\/\" \/>\n<meta property=\"og:site_name\" content=\"L&#039;agenda immobilier\" \/>\n<meta property=\"article:modified_time\" content=\"2022-03-29T00:19:06+00:00\" \/>\n<meta name=\"twitter:card\" content=\"summary_large_image\" \/>\n<script type=\"application\/ld+json\" class=\"yoast-schema-graph\">{\"@context\":\"https:\/\/schema.org\",\"@graph\":[{\"@type\":\"WebPage\",\"@id\":\"https:\/\/lagendaimmobilier.com\/autres-services\/\",\"url\":\"https:\/\/lagendaimmobilier.com\/autres-services\/\",\"name\":\"Autres services - L&#039;agenda immobilier\",\"isPartOf\":{\"@id\":\"https:\/\/lagendaimmobilier.com\/#website\"},\"datePublished\":\"2022-03-27T11:31:34+00:00\",\"dateModified\":\"2022-03-29T00:19:06+00:00\",\"breadcrumb\":{\"@id\":\"https:\/\/lagendaimmobilier.com\/autres-services\/#breadcrumb\"},\"inLanguage\":\"en-US\",\"potentialAction\":[{\"@type\":\"ReadAction\",\"target\":[\"https:\/\/lagendaimmobilier.com\/autres-services\/\"]}]},{\"@type\":\"BreadcrumbList\",\"@id\":\"https:\/\/lagendaimmobilier.com\/autres-services\/#breadcrumb\",\"itemListElement\":[{\"@type\":\"ListItem\",\"position\":1,\"name\":\"Home\",\"item\":\"https:\/\/lagendaimmobilier.com\/en\/\"},{\"@type\":\"ListItem\",\"position\":2,\"name\":\"Autres services\"}]},{\"@type\":\"WebSite\",\"@id\":\"https:\/\/lagendaimmobilier.com\/#website\",\"url\":\"https:\/\/lagendaimmobilier.com\/\",\"name\":\"L&#039;agenda immobilier\",\"description\":\"UNE \u00c9QUIPE CHEVRONN\u00c9E POUR R\u00c9PONDRE \u00c0 TOUS VOS BESOINS\",\"potentialAction\":[{\"@type\":\"SearchAction\",\"target\":{\"@type\":\"EntryPoint\",\"urlTemplate\":\"https:\/\/lagendaimmobilier.com\/?s={search_term_string}\"},\"query-input\":{\"@type\":\"PropertyValueSpecification\",\"valueRequired\":true,\"valueName\":\"search_term_string\"}}],\"inLanguage\":\"en-US\"}]}<\/script>\n<!-- \/ Yoast SEO Premium plugin. -->","yoast_head_json":{"title":"Autres services - L&#039;agenda immobilier","robots":{"index":"index","follow":"follow","max-snippet":"max-snippet:-1","max-image-preview":"max-image-preview:large","max-video-preview":"max-video-preview:-1"},"canonical":"https:\/\/lagendaimmobilier.com\/en\/autres-services\/","og_locale":"en_US","og_type":"article","og_title":"Autres services","og_description":"UNE \u00c9QUIPE COMPL\u00c8TE POUR VOUS ASSISTER DANS VOS T\u00c2CHES IMMOBILI\u00c8RES TOUS LES SERVICES AU M\u00caME ENDROIT MESSAGERIE Vous avez des documents importants \u00e0 envoyer ? Aucun probl\u00e8me, nous offrons un service de messagerie. \u2022 Remise de titres originaux \u00e0 vos vendeurs\u2022 Documents notaires \u2022 Ramassage d\u2019inventaire chez votre fournisseur \u2022 Livraison assur\u00e9e en 24 heures [&hellip;]","og_url":"https:\/\/lagendaimmobilier.com\/en\/autres-services\/","og_site_name":"L&#039;agenda immobilier","article_modified_time":"2022-03-29T00:19:06+00:00","twitter_card":"summary_large_image","schema":{"@context":"https:\/\/schema.org","@graph":[{"@type":"WebPage","@id":"https:\/\/lagendaimmobilier.com\/autres-services\/","url":"https:\/\/lagendaimmobilier.com\/autres-services\/","name":"Autres services - L&#039;agenda immobilier","isPartOf":{"@id":"https:\/\/lagendaimmobilier.com\/#website"},"datePublished":"2022-03-27T11:31:34+00:00","dateModified":"2022-03-29T00:19:06+00:00","breadcrumb":{"@id":"https:\/\/lagendaimmobilier.com\/autres-services\/#breadcrumb"},"inLanguage":"en-US","potentialAction":[{"@type":"ReadAction","target":["https:\/\/lagendaimmobilier.com\/autres-services\/"]}]},{"@type":"BreadcrumbList","@id":"https:\/\/lagendaimmobilier.com\/autres-services\/#breadcrumb","itemListElement":[{"@type":"ListItem","position":1,"name":"Home","item":"https:\/\/lagendaimmobilier.com\/en\/"},{"@type":"ListItem","position":2,"name":"Autres services"}]},{"@type":"WebSite","@id":"https:\/\/lagendaimmobilier.com\/#website","url":"https:\/\/lagendaimmobilier.com\/","name":"L&#039;real estate agenda","description":"AN EXPERIENCED TEAM TO MEET ALL YOUR NEEDS","potentialAction":[{"@type":"SearchAction","target":{"@type":"EntryPoint","urlTemplate":"https:\/\/lagendaimmobilier.com\/?s={search_term_string}"},"query-input":{"@type":"PropertyValueSpecification","valueRequired":true,"valueName":"search_term_string"}}],"inLanguage":"en-US"}]}},"_links":{"self":[{"href":"https:\/\/lagendaimmobilier.com\/en\/wp-json\/wp\/v2\/pages\/80","targetHints":{"allow":["GET"]}}],"collection":[{"href":"https:\/\/lagendaimmobilier.com\/en\/wp-json\/wp\/v2\/pages"}],"about":[{"href":"https:\/\/lagendaimmobilier.com\/en\/wp-json\/wp\/v2\/types\/page"}],"author":[{"embeddable":true,"href":"https:\/\/lagendaimmobilier.com\/en\/wp-json\/wp\/v2\/users\/1"}],"replies":[{"embeddable":true,"href":"https:\/\/lagendaimmobilier.com\/en\/wp-json\/wp\/v2\/comments?post=80"}],"version-history":[{"count":16,"href":"https:\/\/lagendaimmobilier.com\/en\/wp-json\/wp\/v2\/pages\/80\/revisions"}],"predecessor-version":[{"id":215,"href":"https:\/\/lagendaimmobilier.com\/en\/wp-json\/wp\/v2\/pages\/80\/revisions\/215"}],"wp:attachment":[{"href":"https:\/\/lagendaimmobilier.com\/en\/wp-json\/wp\/v2\/media?parent=80"}],"curies":[{"name":"wp","href":"https:\/\/api.w.org\/{rel}","templated":true}]}}