{"id":78,"date":"2022-03-27T11:31:00","date_gmt":"2022-03-27T11:31:00","guid":{"rendered":"http:\/\/lagendaimmobilier.com\/?page_id=78"},"modified":"2022-03-29T00:15:55","modified_gmt":"2022-03-29T00:15:55","slug":"installation-de-pancarte","status":"publish","type":"page","link":"https:\/\/lagendaimmobilier.com\/en\/installation-de-pancarte\/","title":{"rendered":"Sign installation"},"content":{"rendered":"<div data-elementor-type=\"wp-page\" data-elementor-id=\"78\" class=\"elementor elementor-78\" data-elementor-post-type=\"page\">\n\t\t\t\t\t\t<section class=\"elementor-section elementor-top-section elementor-element elementor-element-ea38e9a elementor-section-boxed elementor-section-height-default elementor-section-height-default\" data-id=\"ea38e9a\" data-element_type=\"section\">\n\t\t\t\t\t\t<div class=\"elementor-container elementor-column-gap-default\">\n\t\t\t\t\t<div class=\"elementor-column elementor-col-100 elementor-top-column elementor-element elementor-element-bb1d0b0\" data-id=\"bb1d0b0\" data-element_type=\"column\">\n\t\t\t<div class=\"elementor-widget-wrap elementor-element-populated\">\n\t\t\t\t\t\t<div class=\"elementor-element elementor-element-cd7de0d elementor-widget elementor-widget-heading\" data-id=\"cd7de0d\" data-element_type=\"widget\" data-widget_type=\"heading.default\">\n\t\t\t\t<div class=\"elementor-widget-container\">\n\t\t\t\t\t<h2 class=\"elementor-heading-title elementor-size-default\">FAST AND PROFESSIONAL SERVICE\n<\/h2>\t\t\t\t<\/div>\n\t\t\t\t<\/div>\n\t\t\t\t\t<\/div>\n\t\t<\/div>\n\t\t\t\t\t<\/div>\n\t\t<\/section>\n\t\t\t\t<section class=\"elementor-section elementor-top-section elementor-element elementor-element-568a2b9 elementor-section-boxed elementor-section-height-default elementor-section-height-default\" data-id=\"568a2b9\" data-element_type=\"section\">\n\t\t\t\t\t\t<div class=\"elementor-container elementor-column-gap-default\">\n\t\t\t\t\t<div class=\"elementor-column elementor-col-50 elementor-top-column elementor-element elementor-element-da03fb2\" data-id=\"da03fb2\" data-element_type=\"column\">\n\t\t\t<div class=\"elementor-widget-wrap elementor-element-populated\">\n\t\t\t\t\t\t<div class=\"elementor-element elementor-element-065fbf3 elementor-widget elementor-widget-text-editor\" data-id=\"065fbf3\" data-element_type=\"widget\" data-widget_type=\"text-editor.default\">\n\t\t\t\t<div class=\"elementor-widget-container\">\n\t\t\t\t\t\t\t\t\t<p>- Installation of signs and additions - Installation of balcony signs<br \/>- Make an appointment with your client<br \/>- Key box installation<br \/>- Turnaround<br \/>- Snow removal<br \/>- Regular service guaranteed 24 hours<br \/>- Fast same day service<br \/>- No extra charge on weekends<br \/>- Confirmation by email with photo (no charge)<\/p>\t\t\t\t\t\t\t\t<\/div>\n\t\t\t\t<\/div>\n\t\t\t\t\t<\/div>\n\t\t<\/div>\n\t\t\t\t<div class=\"elementor-column elementor-col-50 elementor-top-column elementor-element elementor-element-87f9901\" data-id=\"87f9901\" data-element_type=\"column\">\n\t\t\t<div class=\"elementor-widget-wrap elementor-element-populated\">\n\t\t\t\t\t\t<div class=\"elementor-element elementor-element-d37e042 elementor-widget elementor-widget-image\" data-id=\"d37e042\" data-element_type=\"widget\" data-widget_type=\"image.default\">\n\t\t\t\t<div class=\"elementor-widget-container\">\n\t\t\t\t\t\t\t\t\t\t\t\t\t\t\t<img fetchpriority=\"high\" decoding=\"async\" width=\"800\" height=\"800\" src=\"https:\/\/lagendaimmobilier.com\/wp-content\/uploads\/2022\/03\/Untitled-design-3-1024x1024.jpg\" class=\"attachment-large size-large wp-image-145\" alt=\"\" srcset=\"https:\/\/lagendaimmobilier.com\/wp-content\/uploads\/2022\/03\/Untitled-design-3-1024x1024.jpg 1024w, https:\/\/lagendaimmobilier.com\/wp-content\/uploads\/2022\/03\/Untitled-design-3-300x300.jpg 300w, https:\/\/lagendaimmobilier.com\/wp-content\/uploads\/2022\/03\/Untitled-design-3-150x150.jpg 150w, https:\/\/lagendaimmobilier.com\/wp-content\/uploads\/2022\/03\/Untitled-design-3-768x768.jpg 768w, https:\/\/lagendaimmobilier.com\/wp-content\/uploads\/2022\/03\/Untitled-design-3-600x600.jpg 600w, https:\/\/lagendaimmobilier.com\/wp-content\/uploads\/2022\/03\/Untitled-design-3-100x100.jpg 100w, https:\/\/lagendaimmobilier.com\/wp-content\/uploads\/2022\/03\/Untitled-design-3.jpg 1080w\" sizes=\"(max-width: 800px) 100vw, 800px\" \/>\t\t\t\t\t\t\t\t\t\t\t\t\t\t\t<\/div>\n\t\t\t\t<\/div>\n\t\t\t\t\t<\/div>\n\t\t<\/div>\n\t\t\t\t\t<\/div>\n\t\t<\/section>\n\t\t\t\t<section class=\"elementor-section elementor-top-section elementor-element elementor-element-871b857 elementor-section-boxed elementor-section-height-default elementor-section-height-default\" data-id=\"871b857\" data-element_type=\"section\">\n\t\t\t\t\t\t<div class=\"elementor-container elementor-column-gap-default\">\n\t\t\t\t\t<div class=\"elementor-column elementor-col-100 elementor-top-column elementor-element elementor-element-a6d5ae3\" data-id=\"a6d5ae3\" data-element_type=\"column\">\n\t\t\t<div class=\"elementor-widget-wrap elementor-element-populated\">\n\t\t\t\t\t\t<div class=\"elementor-element elementor-element-4733d6c elementor-widget elementor-widget-heading\" data-id=\"4733d6c\" data-element_type=\"widget\" data-widget_type=\"heading.default\">\n\t\t\t\t<div class=\"elementor-widget-container\">\n\t\t\t\t\t<h2 class=\"elementor-heading-title elementor-size-default\">OPEN HOUSES: DIRECTING POTENTIAL BUYERS\n\n<\/h2>\t\t\t\t<\/div>\n\t\t\t\t<\/div>\n\t\t\t\t<div class=\"elementor-element elementor-element-85bd9e7 elementor-widget elementor-widget-text-editor\" data-id=\"85bd9e7\" data-element_type=\"widget\" data-widget_type=\"text-editor.default\">\n\t\t\t\t<div class=\"elementor-widget-container\">\n\t\t\t\t\t\t\t\t\t- Installation of the directionals <br>\n- Pick up at the end of open house to avoid vandalism\t\t\t\t\t\t\t\t<\/div>\n\t\t\t\t<\/div>\n\t\t\t\t<div class=\"elementor-element elementor-element-735551a elementor-widget elementor-widget-heading\" data-id=\"735551a\" data-element_type=\"widget\" data-widget_type=\"heading.default\">\n\t\t\t\t<div class=\"elementor-widget-container\">\n\t\t\t\t\t<h2 class=\"elementor-heading-title elementor-size-default\">YOUR SIGN IS YOUR TRADEMARK, IT IS WHAT DISTINGUISHES YOU FROM OTHER\nDISTINGUISHES YOU FROM OTHER BROKERS.\n\n<\/h2>\t\t\t\t<\/div>\n\t\t\t\t<\/div>\n\t\t\t\t<div class=\"elementor-element elementor-element-ef44a6c elementor-widget elementor-widget-heading\" data-id=\"ef44a6c\" data-element_type=\"widget\" data-widget_type=\"heading.default\">\n\t\t\t\t<div class=\"elementor-widget-container\">\n\t\t\t\t\t<h2 class=\"elementor-heading-title elementor-size-default\">IT IS THEREFORE IMPORTANT TO TAKE SPECIAL CARE OF IT!\n\n\n<\/h2>\t\t\t\t<\/div>\n\t\t\t\t<\/div>\n\t\t\t\t<div class=\"elementor-element elementor-element-b2ac32b elementor-align-center elementor-icon-list--layout-traditional elementor-list-item-link-full_width elementor-widget elementor-widget-icon-list\" data-id=\"b2ac32b\" data-element_type=\"widget\" data-widget_type=\"icon-list.default\">\n\t\t\t\t<div class=\"elementor-widget-container\">\n\t\t\t\t\t\t\t<ul class=\"elementor-icon-list-items\">\n\t\t\t\t\t\t\t<li class=\"elementor-icon-list-item\">\n\t\t\t\t\t\t\t\t\t\t\t<span class=\"elementor-icon-list-icon\">\n\t\t\t\t\t\t\t<svg aria-hidden=\"true\" class=\"e-font-icon-svg e-far-hand-point-down\" viewbox=\"0 0 448 512\" xmlns=\"http:\/\/www.w3.org\/2000\/svg\"><path d=\"M188.8 512c45.616 0 83.2-37.765 83.2-83.2v-35.647a93.148 93.148 0 0 0 22.064-7.929c22.006 2.507 44.978-3.503 62.791-15.985C409.342 368.1 448 331.841 448 269.299V248c0-60.063-40-98.512-40-127.2v-2.679c4.952-5.747 8-13.536 8-22.12V32c0-17.673-12.894-32-28.8-32H156.8C140.894 0 128 14.327 128 32v64c0 8.584 3.048 16.373 8 22.12v2.679c0 6.964-6.193 14.862-23.668 30.183l-.148.129-.146.131c-9.937 8.856-20.841 18.116-33.253 25.851C48.537 195.798 0 207.486 0 252.8c0 56.928 35.286 92 83.2 92 8.026 0 15.489-.814 22.4-2.176V428.8c0 45.099 38.101 83.2 83.2 83.2zm0-48c-18.7 0-35.2-16.775-35.2-35.2V270.4c-17.325 0-35.2 26.4-70.4 26.4-26.4 0-35.2-20.625-35.2-44 0-8.794 32.712-20.445 56.1-34.926 14.575-9.074 27.225-19.524 39.875-30.799 18.374-16.109 36.633-33.836 39.596-59.075h176.752C364.087 170.79 400 202.509 400 248v21.299c0 40.524-22.197 57.124-61.325 50.601-8.001 14.612-33.979 24.151-53.625 12.925-18.225 19.365-46.381 17.787-61.05 4.95V428.8c0 18.975-16.225 35.2-35.2 35.2zM328 64c0-13.255 10.745-24 24-24s24 10.745 24 24-10.745 24-24 24-24-10.745-24-24z\"><\/path><\/svg>\t\t\t\t\t\t<\/span>\n\t\t\t\t\t\t\t\t\t\t<span class=\"elementor-icon-list-text\">PRICE LIST ON REQUEST<\/span>\n\t\t\t\t\t\t\t\t\t<\/li>\n\t\t\t\t\t\t<\/ul>\n\t\t\t\t\t\t<\/div>\n\t\t\t\t<\/div>\n\t\t\t\t\t<\/div>\n\t\t<\/div>\n\t\t\t\t\t<\/div>\n\t\t<\/section>\n\t\t\t\t<\/div>","protected":false},"excerpt":{"rendered":"<p>FAST AND PROFESSIONAL SERVICE - Installation of signs and additions- Installation of balcony signs- Appointment with your client- Installation of key boxes- Straightening- Snow removal- Regular service guaranteed 24 hours- Fast service the same day- No extra charge on weekends- Confirmation by email with photo (free of charge) FREE VISITS : WELL MANAGED [...]<\/p>","protected":false},"author":1,"featured_media":0,"parent":0,"menu_order":0,"comment_status":"closed","ping_status":"closed","template":"","meta":{"inline_featured_image":false,"footnotes":""},"class_list":["post-78","page","type-page","status-publish","hentry"],"yoast_head":"<!-- This site is optimized with the Yoast SEO Premium plugin v18.2.1 (Yoast SEO v26.3) - https:\/\/yoast.com\/wordpress\/plugins\/seo\/ -->\n<title>Installation de pancarte - L&#039;agenda immobilier<\/title>\n<meta name=\"robots\" content=\"index, follow, max-snippet:-1, max-image-preview:large, max-video-preview:-1\" \/>\n<link rel=\"canonical\" href=\"https:\/\/lagendaimmobilier.com\/en\/installation-de-pancarte\/\" \/>\n<meta property=\"og:locale\" content=\"en_US\" \/>\n<meta property=\"og:type\" content=\"article\" \/>\n<meta property=\"og:title\" content=\"Installation de pancarte\" \/>\n<meta property=\"og:description\" content=\"SERVICE RAPIDE ET PROFESSIONNEL \u2022 Installation pancartes et ajouts\u2022 Installation pancartes de balcon\u2022 Prise de rendez-vous avec votre client\u2022 Installation de boite \u00e0 cl\u00e9\u2022 Redressement\u2022 D\u00e9neigement\u2022 Service r\u00e9gulier garanti 24 heures\u2022 Service rapide le m\u00eame jour\u2022 Sans frais suppl\u00e9mentaires la fin de semaine\u2022 Confirmation par courriel avec photo (sans frais) VISITES LIBRES : BIEN DIRIGER [&hellip;]\" \/>\n<meta property=\"og:url\" content=\"https:\/\/lagendaimmobilier.com\/en\/installation-de-pancarte\/\" \/>\n<meta property=\"og:site_name\" content=\"L&#039;agenda immobilier\" \/>\n<meta property=\"article:modified_time\" content=\"2022-03-29T00:15:55+00:00\" \/>\n<meta property=\"og:image\" content=\"http:\/\/lagendaimmobilier.com\/wp-content\/uploads\/2022\/03\/Untitled-design-3-1024x1024.jpg\" \/>\n<meta name=\"twitter:card\" content=\"summary_large_image\" \/>\n<meta name=\"twitter:label1\" content=\"Est. reading time\" \/>\n\t<meta name=\"twitter:data1\" content=\"1 minute\" \/>\n<script type=\"application\/ld+json\" class=\"yoast-schema-graph\">{\"@context\":\"https:\/\/schema.org\",\"@graph\":[{\"@type\":\"WebPage\",\"@id\":\"https:\/\/lagendaimmobilier.com\/installation-de-pancarte\/\",\"url\":\"https:\/\/lagendaimmobilier.com\/installation-de-pancarte\/\",\"name\":\"Installation de pancarte - L&#039;agenda immobilier\",\"isPartOf\":{\"@id\":\"https:\/\/lagendaimmobilier.com\/#website\"},\"primaryImageOfPage\":{\"@id\":\"https:\/\/lagendaimmobilier.com\/installation-de-pancarte\/#primaryimage\"},\"image\":{\"@id\":\"https:\/\/lagendaimmobilier.com\/installation-de-pancarte\/#primaryimage\"},\"thumbnailUrl\":\"http:\/\/lagendaimmobilier.com\/wp-content\/uploads\/2022\/03\/Untitled-design-3-1024x1024.jpg\",\"datePublished\":\"2022-03-27T11:31:00+00:00\",\"dateModified\":\"2022-03-29T00:15:55+00:00\",\"breadcrumb\":{\"@id\":\"https:\/\/lagendaimmobilier.com\/installation-de-pancarte\/#breadcrumb\"},\"inLanguage\":\"en-US\",\"potentialAction\":[{\"@type\":\"ReadAction\",\"target\":[\"https:\/\/lagendaimmobilier.com\/installation-de-pancarte\/\"]}]},{\"@type\":\"ImageObject\",\"inLanguage\":\"en-US\",\"@id\":\"https:\/\/lagendaimmobilier.com\/installation-de-pancarte\/#primaryimage\",\"url\":\"http:\/\/lagendaimmobilier.com\/wp-content\/uploads\/2022\/03\/Untitled-design-3-1024x1024.jpg\",\"contentUrl\":\"http:\/\/lagendaimmobilier.com\/wp-content\/uploads\/2022\/03\/Untitled-design-3-1024x1024.jpg\"},{\"@type\":\"BreadcrumbList\",\"@id\":\"https:\/\/lagendaimmobilier.com\/installation-de-pancarte\/#breadcrumb\",\"itemListElement\":[{\"@type\":\"ListItem\",\"position\":1,\"name\":\"Home\",\"item\":\"https:\/\/lagendaimmobilier.com\/en\/\"},{\"@type\":\"ListItem\",\"position\":2,\"name\":\"Installation de pancarte\"}]},{\"@type\":\"WebSite\",\"@id\":\"https:\/\/lagendaimmobilier.com\/#website\",\"url\":\"https:\/\/lagendaimmobilier.com\/\",\"name\":\"L&#039;agenda immobilier\",\"description\":\"UNE \u00c9QUIPE CHEVRONN\u00c9E POUR R\u00c9PONDRE \u00c0 TOUS VOS BESOINS\",\"potentialAction\":[{\"@type\":\"SearchAction\",\"target\":{\"@type\":\"EntryPoint\",\"urlTemplate\":\"https:\/\/lagendaimmobilier.com\/?s={search_term_string}\"},\"query-input\":{\"@type\":\"PropertyValueSpecification\",\"valueRequired\":true,\"valueName\":\"search_term_string\"}}],\"inLanguage\":\"en-US\"}]}<\/script>\n<!-- \/ Yoast SEO Premium plugin. -->","yoast_head_json":{"title":"Installation de pancarte - L&#039;agenda immobilier","robots":{"index":"index","follow":"follow","max-snippet":"max-snippet:-1","max-image-preview":"max-image-preview:large","max-video-preview":"max-video-preview:-1"},"canonical":"https:\/\/lagendaimmobilier.com\/en\/installation-de-pancarte\/","og_locale":"en_US","og_type":"article","og_title":"Installation de pancarte","og_description":"SERVICE RAPIDE ET PROFESSIONNEL \u2022 Installation pancartes et ajouts\u2022 Installation pancartes de balcon\u2022 Prise de rendez-vous avec votre client\u2022 Installation de boite \u00e0 cl\u00e9\u2022 Redressement\u2022 D\u00e9neigement\u2022 Service r\u00e9gulier garanti 24 heures\u2022 Service rapide le m\u00eame jour\u2022 Sans frais suppl\u00e9mentaires la fin de semaine\u2022 Confirmation par courriel avec photo (sans frais) VISITES LIBRES : BIEN DIRIGER [&hellip;]","og_url":"https:\/\/lagendaimmobilier.com\/en\/installation-de-pancarte\/","og_site_name":"L&#039;agenda immobilier","article_modified_time":"2022-03-29T00:15:55+00:00","og_image":[{"url":"http:\/\/lagendaimmobilier.com\/wp-content\/uploads\/2022\/03\/Untitled-design-3-1024x1024.jpg","type":"","width":"","height":""}],"twitter_card":"summary_large_image","twitter_misc":{"Est. reading time":"1 minute"},"schema":{"@context":"https:\/\/schema.org","@graph":[{"@type":"WebPage","@id":"https:\/\/lagendaimmobilier.com\/installation-de-pancarte\/","url":"https:\/\/lagendaimmobilier.com\/installation-de-pancarte\/","name":"Installation de pancarte - L&#039;agenda immobilier","isPartOf":{"@id":"https:\/\/lagendaimmobilier.com\/#website"},"primaryImageOfPage":{"@id":"https:\/\/lagendaimmobilier.com\/installation-de-pancarte\/#primaryimage"},"image":{"@id":"https:\/\/lagendaimmobilier.com\/installation-de-pancarte\/#primaryimage"},"thumbnailUrl":"http:\/\/lagendaimmobilier.com\/wp-content\/uploads\/2022\/03\/Untitled-design-3-1024x1024.jpg","datePublished":"2022-03-27T11:31:00+00:00","dateModified":"2022-03-29T00:15:55+00:00","breadcrumb":{"@id":"https:\/\/lagendaimmobilier.com\/installation-de-pancarte\/#breadcrumb"},"inLanguage":"en-US","potentialAction":[{"@type":"ReadAction","target":["https:\/\/lagendaimmobilier.com\/installation-de-pancarte\/"]}]},{"@type":"ImageObject","inLanguage":"en-US","@id":"https:\/\/lagendaimmobilier.com\/installation-de-pancarte\/#primaryimage","url":"http:\/\/lagendaimmobilier.com\/wp-content\/uploads\/2022\/03\/Untitled-design-3-1024x1024.jpg","contentUrl":"http:\/\/lagendaimmobilier.com\/wp-content\/uploads\/2022\/03\/Untitled-design-3-1024x1024.jpg"},{"@type":"BreadcrumbList","@id":"https:\/\/lagendaimmobilier.com\/installation-de-pancarte\/#breadcrumb","itemListElement":[{"@type":"ListItem","position":1,"name":"Home","item":"https:\/\/lagendaimmobilier.com\/en\/"},{"@type":"ListItem","position":2,"name":"Installation de pancarte"}]},{"@type":"WebSite","@id":"https:\/\/lagendaimmobilier.com\/#website","url":"https:\/\/lagendaimmobilier.com\/","name":"L&#039;real estate agenda","description":"AN EXPERIENCED TEAM TO MEET ALL YOUR NEEDS","potentialAction":[{"@type":"SearchAction","target":{"@type":"EntryPoint","urlTemplate":"https:\/\/lagendaimmobilier.com\/?s={search_term_string}"},"query-input":{"@type":"PropertyValueSpecification","valueRequired":true,"valueName":"search_term_string"}}],"inLanguage":"en-US"}]}},"_links":{"self":[{"href":"https:\/\/lagendaimmobilier.com\/en\/wp-json\/wp\/v2\/pages\/78","targetHints":{"allow":["GET"]}}],"collection":[{"href":"https:\/\/lagendaimmobilier.com\/en\/wp-json\/wp\/v2\/pages"}],"about":[{"href":"https:\/\/lagendaimmobilier.com\/en\/wp-json\/wp\/v2\/types\/page"}],"author":[{"embeddable":true,"href":"https:\/\/lagendaimmobilier.com\/en\/wp-json\/wp\/v2\/users\/1"}],"replies":[{"embeddable":true,"href":"https:\/\/lagendaimmobilier.com\/en\/wp-json\/wp\/v2\/comments?post=78"}],"version-history":[{"count":16,"href":"https:\/\/lagendaimmobilier.com\/en\/wp-json\/wp\/v2\/pages\/78\/revisions"}],"predecessor-version":[{"id":209,"href":"https:\/\/lagendaimmobilier.com\/en\/wp-json\/wp\/v2\/pages\/78\/revisions\/209"}],"wp:attachment":[{"href":"https:\/\/lagendaimmobilier.com\/en\/wp-json\/wp\/v2\/media?parent=78"}],"curies":[{"name":"wp","href":"https:\/\/api.w.org\/{rel}","templated":true}]}}