{"id":75,"date":"2022-03-27T11:30:08","date_gmt":"2022-03-27T11:30:08","guid":{"rendered":"http:\/\/lagendaimmobilier.com\/?page_id=75"},"modified":"2025-03-05T16:02:38","modified_gmt":"2025-03-05T16:02:38","slug":"entreprosage-de-vos-pancartes","status":"publish","type":"page","link":"https:\/\/lagendaimmobilier.com\/en\/entreprosage-de-vos-pancartes\/","title":{"rendered":"Storage of your signs"},"content":{"rendered":"<div data-elementor-type=\"wp-page\" data-elementor-id=\"75\" class=\"elementor elementor-75\" data-elementor-post-type=\"page\">\n\t\t\t\t\t\t<section class=\"elementor-section elementor-top-section elementor-element elementor-element-c58b257 elementor-section-boxed elementor-section-height-default elementor-section-height-default\" data-id=\"c58b257\" data-element_type=\"section\">\n\t\t\t\t\t\t<div class=\"elementor-container elementor-column-gap-default\">\n\t\t\t\t\t<div class=\"elementor-column elementor-col-100 elementor-top-column elementor-element elementor-element-6897877\" data-id=\"6897877\" data-element_type=\"column\">\n\t\t\t<div class=\"elementor-widget-wrap elementor-element-populated\">\n\t\t\t\t\t\t<div class=\"elementor-element elementor-element-f8b93e8 elementor-widget elementor-widget-heading\" data-id=\"f8b93e8\" data-element_type=\"widget\" data-widget_type=\"heading.default\">\n\t\t\t\t<div class=\"elementor-widget-container\">\n\t\t\t\t\t<h1 class=\"elementor-heading-title elementor-size-default\">Save on additional pickup costs!\n<\/h1>\t\t\t\t<\/div>\n\t\t\t\t<\/div>\n\t\t\t\t<div class=\"elementor-element elementor-element-a692493 elementor-widget elementor-widget-heading\" data-id=\"a692493\" data-element_type=\"widget\" data-widget_type=\"heading.default\">\n\t\t\t\t<div class=\"elementor-widget-container\">\n\t\t\t\t\t<h1 class=\"elementor-heading-title elementor-size-default\">Save space and entrust us with your inventory.\n<\/h1>\t\t\t\t<\/div>\n\t\t\t\t<\/div>\n\t\t\t\t<section class=\"elementor-section elementor-inner-section elementor-element elementor-element-43e4077 elementor-section-boxed elementor-section-height-default elementor-section-height-default\" data-id=\"43e4077\" data-element_type=\"section\">\n\t\t\t\t\t\t<div class=\"elementor-container elementor-column-gap-default\">\n\t\t\t\t\t<div class=\"elementor-column elementor-col-100 elementor-inner-column elementor-element elementor-element-52eaed9\" data-id=\"52eaed9\" data-element_type=\"column\">\n\t\t\t<div class=\"elementor-widget-wrap\">\n\t\t\t\t\t\t\t<\/div>\n\t\t<\/div>\n\t\t\t\t\t<\/div>\n\t\t<\/section>\n\t\t\t\t\t<\/div>\n\t\t<\/div>\n\t\t\t\t\t<\/div>\n\t\t<\/section>\n\t\t\t\t<section class=\"elementor-section elementor-top-section elementor-element elementor-element-5180df6 elementor-section-boxed elementor-section-height-default elementor-section-height-default\" data-id=\"5180df6\" data-element_type=\"section\">\n\t\t\t\t\t\t<div class=\"elementor-container elementor-column-gap-default\">\n\t\t\t\t\t<div class=\"elementor-column elementor-col-100 elementor-top-column elementor-element elementor-element-82f04e5\" data-id=\"82f04e5\" data-element_type=\"column\">\n\t\t\t<div class=\"elementor-widget-wrap elementor-element-populated\">\n\t\t\t\t\t\t<div class=\"elementor-element elementor-element-22c439a elementor-widget elementor-widget-text-editor\" data-id=\"22c439a\" data-element_type=\"widget\" data-widget_type=\"text-editor.default\">\n\t\t\t\t<div class=\"elementor-widget-container\">\n\t\t\t\t\t\t\t\t\t<p>- 24 hour installation<br \/>- Confirmation with photo free of charge<br \/>- Secure storage<br \/>- 1st inventory pickup free of charge<br \/>- Additions | Directional | Open House<br \/>- Competitive price list<\/p>\t\t\t\t\t\t\t\t<\/div>\n\t\t\t\t<\/div>\n\t\t\t\t<div class=\"elementor-element elementor-element-75a5cbb elementor-widget elementor-widget-heading\" data-id=\"75a5cbb\" data-element_type=\"widget\" data-widget_type=\"heading.default\">\n\t\t\t\t<div class=\"elementor-widget-container\">\n\t\t\t\t\t<h4 class=\"elementor-heading-title elementor-size-default\">RIVE-NORD | LAVAL | MONTR\u00c9AL &amp; RIVE-SUD<\/h4>\t\t\t\t<\/div>\n\t\t\t\t<\/div>\n\t\t\t\t\t<\/div>\n\t\t<\/div>\n\t\t\t\t\t<\/div>\n\t\t<\/section>\n\t\t\t\t<\/div>","protected":false},"excerpt":{"rendered":"<p>\u00c9conomisez des frais de ramassage suppl\u00e9mentaires ! Gagnez de l\u2019espace et confiez-nous votre inventaire. \u2022 Installation 24 heures\u2022 Confirmation avec photo sans frais\u2022 Entreposage s\u00e9curis\u00e9\u2022 Ramassage 1er inventaire sans frais\u2022 Ajouts | Directionnelles | Visite libre\u2022 Liste de prix comp\u00e9titive RIVE-NORD | LAVAL | MONTR\u00c9AL &amp; RIVE-SUD<\/p>","protected":false},"author":1,"featured_media":0,"parent":0,"menu_order":0,"comment_status":"closed","ping_status":"closed","template":"","meta":{"inline_featured_image":false,"footnotes":""},"class_list":["post-75","page","type-page","status-publish","hentry"],"yoast_head":"<!-- This site is optimized with the Yoast SEO Premium plugin v18.2.1 (Yoast SEO v26.3) - https:\/\/yoast.com\/wordpress\/plugins\/seo\/ -->\n<title>Entreposage de vos pancartes - L&#039;agenda immobilier<\/title>\n<meta name=\"robots\" content=\"index, follow, max-snippet:-1, max-image-preview:large, max-video-preview:-1\" \/>\n<link rel=\"canonical\" href=\"https:\/\/lagendaimmobilier.com\/en\/entreprosage-de-vos-pancartes\/\" \/>\n<meta property=\"og:locale\" content=\"en_US\" \/>\n<meta property=\"og:type\" content=\"article\" \/>\n<meta property=\"og:title\" content=\"Entreposage de vos pancartes\" \/>\n<meta property=\"og:description\" content=\"\u00c9conomisez des frais de ramassage suppl\u00e9mentaires ! Gagnez de l\u2019espace et confiez-nous votre inventaire. \u2022 Installation 24 heures\u2022 Confirmation avec photo sans frais\u2022 Entreposage s\u00e9curis\u00e9\u2022 Ramassage 1er inventaire sans frais\u2022 Ajouts | Directionnelles | Visite libre\u2022 Liste de prix comp\u00e9titive RIVE-NORD | LAVAL | MONTR\u00c9AL &amp; RIVE-SUD\" \/>\n<meta property=\"og:url\" content=\"https:\/\/lagendaimmobilier.com\/en\/entreprosage-de-vos-pancartes\/\" \/>\n<meta property=\"og:site_name\" content=\"L&#039;agenda immobilier\" \/>\n<meta property=\"article:modified_time\" content=\"2025-03-05T16:02:38+00:00\" \/>\n<meta name=\"twitter:card\" content=\"summary_large_image\" \/>\n<meta name=\"twitter:label1\" content=\"Est. reading time\" \/>\n\t<meta name=\"twitter:data1\" content=\"1 minute\" \/>\n<script type=\"application\/ld+json\" class=\"yoast-schema-graph\">{\"@context\":\"https:\/\/schema.org\",\"@graph\":[{\"@type\":\"WebPage\",\"@id\":\"https:\/\/lagendaimmobilier.com\/entreprosage-de-vos-pancartes\/\",\"url\":\"https:\/\/lagendaimmobilier.com\/entreprosage-de-vos-pancartes\/\",\"name\":\"Entreposage de vos pancartes - L&#039;agenda immobilier\",\"isPartOf\":{\"@id\":\"https:\/\/lagendaimmobilier.com\/#website\"},\"datePublished\":\"2022-03-27T11:30:08+00:00\",\"dateModified\":\"2025-03-05T16:02:38+00:00\",\"breadcrumb\":{\"@id\":\"https:\/\/lagendaimmobilier.com\/entreprosage-de-vos-pancartes\/#breadcrumb\"},\"inLanguage\":\"en-US\",\"potentialAction\":[{\"@type\":\"ReadAction\",\"target\":[\"https:\/\/lagendaimmobilier.com\/entreprosage-de-vos-pancartes\/\"]}]},{\"@type\":\"BreadcrumbList\",\"@id\":\"https:\/\/lagendaimmobilier.com\/entreprosage-de-vos-pancartes\/#breadcrumb\",\"itemListElement\":[{\"@type\":\"ListItem\",\"position\":1,\"name\":\"Home\",\"item\":\"https:\/\/lagendaimmobilier.com\/en\/\"},{\"@type\":\"ListItem\",\"position\":2,\"name\":\"Entreposage de vos pancartes\"}]},{\"@type\":\"WebSite\",\"@id\":\"https:\/\/lagendaimmobilier.com\/#website\",\"url\":\"https:\/\/lagendaimmobilier.com\/\",\"name\":\"L&#039;agenda immobilier\",\"description\":\"UNE \u00c9QUIPE CHEVRONN\u00c9E POUR R\u00c9PONDRE \u00c0 TOUS VOS BESOINS\",\"potentialAction\":[{\"@type\":\"SearchAction\",\"target\":{\"@type\":\"EntryPoint\",\"urlTemplate\":\"https:\/\/lagendaimmobilier.com\/?s={search_term_string}\"},\"query-input\":{\"@type\":\"PropertyValueSpecification\",\"valueRequired\":true,\"valueName\":\"search_term_string\"}}],\"inLanguage\":\"en-US\"}]}<\/script>\n<!-- \/ Yoast SEO Premium plugin. -->","yoast_head_json":{"title":"Entreposage de vos pancartes - L&#039;agenda immobilier","robots":{"index":"index","follow":"follow","max-snippet":"max-snippet:-1","max-image-preview":"max-image-preview:large","max-video-preview":"max-video-preview:-1"},"canonical":"https:\/\/lagendaimmobilier.com\/en\/entreprosage-de-vos-pancartes\/","og_locale":"en_US","og_type":"article","og_title":"Entreposage de vos pancartes","og_description":"\u00c9conomisez des frais de ramassage suppl\u00e9mentaires ! Gagnez de l\u2019espace et confiez-nous votre inventaire. \u2022 Installation 24 heures\u2022 Confirmation avec photo sans frais\u2022 Entreposage s\u00e9curis\u00e9\u2022 Ramassage 1er inventaire sans frais\u2022 Ajouts | Directionnelles | Visite libre\u2022 Liste de prix comp\u00e9titive RIVE-NORD | LAVAL | MONTR\u00c9AL &amp; RIVE-SUD","og_url":"https:\/\/lagendaimmobilier.com\/en\/entreprosage-de-vos-pancartes\/","og_site_name":"L&#039;agenda immobilier","article_modified_time":"2025-03-05T16:02:38+00:00","twitter_card":"summary_large_image","twitter_misc":{"Est. reading time":"1 minute"},"schema":{"@context":"https:\/\/schema.org","@graph":[{"@type":"WebPage","@id":"https:\/\/lagendaimmobilier.com\/entreprosage-de-vos-pancartes\/","url":"https:\/\/lagendaimmobilier.com\/entreprosage-de-vos-pancartes\/","name":"Entreposage de vos pancartes - L&#039;agenda immobilier","isPartOf":{"@id":"https:\/\/lagendaimmobilier.com\/#website"},"datePublished":"2022-03-27T11:30:08+00:00","dateModified":"2025-03-05T16:02:38+00:00","breadcrumb":{"@id":"https:\/\/lagendaimmobilier.com\/entreprosage-de-vos-pancartes\/#breadcrumb"},"inLanguage":"en-US","potentialAction":[{"@type":"ReadAction","target":["https:\/\/lagendaimmobilier.com\/entreprosage-de-vos-pancartes\/"]}]},{"@type":"BreadcrumbList","@id":"https:\/\/lagendaimmobilier.com\/entreprosage-de-vos-pancartes\/#breadcrumb","itemListElement":[{"@type":"ListItem","position":1,"name":"Home","item":"https:\/\/lagendaimmobilier.com\/en\/"},{"@type":"ListItem","position":2,"name":"Entreposage de vos pancartes"}]},{"@type":"WebSite","@id":"https:\/\/lagendaimmobilier.com\/#website","url":"https:\/\/lagendaimmobilier.com\/","name":"L&#039;real estate agenda","description":"AN EXPERIENCED TEAM TO MEET ALL YOUR NEEDS","potentialAction":[{"@type":"SearchAction","target":{"@type":"EntryPoint","urlTemplate":"https:\/\/lagendaimmobilier.com\/?s={search_term_string}"},"query-input":{"@type":"PropertyValueSpecification","valueRequired":true,"valueName":"search_term_string"}}],"inLanguage":"en-US"}]}},"_links":{"self":[{"href":"https:\/\/lagendaimmobilier.com\/en\/wp-json\/wp\/v2\/pages\/75","targetHints":{"allow":["GET"]}}],"collection":[{"href":"https:\/\/lagendaimmobilier.com\/en\/wp-json\/wp\/v2\/pages"}],"about":[{"href":"https:\/\/lagendaimmobilier.com\/en\/wp-json\/wp\/v2\/types\/page"}],"author":[{"embeddable":true,"href":"https:\/\/lagendaimmobilier.com\/en\/wp-json\/wp\/v2\/users\/1"}],"replies":[{"embeddable":true,"href":"https:\/\/lagendaimmobilier.com\/en\/wp-json\/wp\/v2\/comments?post=75"}],"version-history":[{"count":20,"href":"https:\/\/lagendaimmobilier.com\/en\/wp-json\/wp\/v2\/pages\/75\/revisions"}],"predecessor-version":[{"id":330,"href":"https:\/\/lagendaimmobilier.com\/en\/wp-json\/wp\/v2\/pages\/75\/revisions\/330"}],"wp:attachment":[{"href":"https:\/\/lagendaimmobilier.com\/en\/wp-json\/wp\/v2\/media?parent=75"}],"curies":[{"name":"wp","href":"https:\/\/api.w.org\/{rel}","templated":true}]}}