{"id":27,"date":"2022-03-26T12:25:56","date_gmt":"2022-03-26T12:25:56","guid":{"rendered":"http:\/\/lagendaimmobilier.com\/?page_id=27"},"modified":"2025-03-05T15:58:43","modified_gmt":"2025-03-05T15:58:43","slug":"au-service-des-courtiers","status":"publish","type":"page","link":"https:\/\/lagendaimmobilier.com\/en\/","title":{"rendered":"Broker Service"},"content":{"rendered":"<div data-elementor-type=\"wp-page\" data-elementor-id=\"27\" class=\"elementor elementor-27\" data-elementor-post-type=\"page\">\n\t\t\t\t\t\t<section class=\"elementor-section elementor-top-section elementor-element elementor-element-14e787c3 elementor-section-height-min-height elementor-section-boxed elementor-section-height-default elementor-section-items-middle\" data-id=\"14e787c3\" data-element_type=\"section\" data-settings=\"{&quot;background_background&quot;:&quot;classic&quot;}\">\n\t\t\t\t\t\t\t<div class=\"elementor-background-overlay\"><\/div>\n\t\t\t\t\t\t\t<div class=\"elementor-container elementor-column-gap-no\">\n\t\t\t\t\t<div class=\"elementor-column elementor-col-100 elementor-top-column elementor-element elementor-element-42f91550\" data-id=\"42f91550\" data-element_type=\"column\">\n\t\t\t<div class=\"elementor-widget-wrap elementor-element-populated\">\n\t\t\t\t\t\t<div class=\"elementor-element elementor-element-3c536d69 elementor-widget elementor-widget-text-editor\" data-id=\"3c536d69\" data-element_type=\"widget\" data-widget_type=\"text-editor.default\">\n\t\t\t\t<div class=\"elementor-widget-container\">\n\t\t\t\t\t\t\t\t\t<p>An experienced team to meet all<strong> your needs<\/strong><\/p>\t\t\t\t\t\t\t\t<\/div>\n\t\t\t\t<\/div>\n\t\t\t\t<div class=\"elementor-element elementor-element-68e8c7d4 elementor-widget elementor-widget-spacer\" data-id=\"68e8c7d4\" data-element_type=\"widget\" data-widget_type=\"spacer.default\">\n\t\t\t\t<div class=\"elementor-widget-container\">\n\t\t\t\t\t\t\t<div class=\"elementor-spacer\">\n\t\t\t<div class=\"elementor-spacer-inner\"><\/div>\n\t\t<\/div>\n\t\t\t\t\t\t<\/div>\n\t\t\t\t<\/div>\n\t\t\t\t\t<\/div>\n\t\t<\/div>\n\t\t\t\t\t<\/div>\n\t\t<\/section>\n\t\t\t\t<section class=\"elementor-section elementor-top-section elementor-element elementor-element-3ec4efa elementor-section-content-middle elementor-section-boxed elementor-section-height-default elementor-section-height-default\" data-id=\"3ec4efa\" data-element_type=\"section\" data-settings=\"{&quot;background_background&quot;:&quot;classic&quot;}\">\n\t\t\t\t\t\t<div class=\"elementor-container elementor-column-gap-no\">\n\t\t\t\t\t<div class=\"elementor-column elementor-col-100 elementor-top-column elementor-element elementor-element-4ca15ed\" data-id=\"4ca15ed\" data-element_type=\"column\" data-settings=\"{&quot;background_background&quot;:&quot;classic&quot;}\">\n\t\t\t<div class=\"elementor-widget-wrap elementor-element-populated\">\n\t\t\t\t\t\t<div class=\"elementor-element elementor-element-5590ff5 elementor-widget elementor-widget-text-editor\" data-id=\"5590ff5\" data-element_type=\"widget\" data-widget_type=\"text-editor.default\">\n\t\t\t\t<div class=\"elementor-widget-container\">\n\t\t\t\t\t\t\t\t\t<p><strong>BE VISIBLE AT ALL TIMES!<\/strong><\/p>\n<p>Our sign installation department provides fast and efficient service. We are always available for your special requests. Being aware that the competition is fierce, your signs will be properly installed in order to<br>to attract the attention of potential buyers.<\/p>\n<p><br><\/p>\t\t\t\t\t\t\t\t<\/div>\n\t\t\t\t<\/div>\n\t\t\t\t\t<\/div>\n\t\t<\/div>\n\t\t\t\t\t<\/div>\n\t\t<\/section>\n\t\t\t\t<section class=\"elementor-section elementor-top-section elementor-element elementor-element-1b5ca457 elementor-section-content-middle elementor-section-boxed elementor-section-height-default elementor-section-height-default\" data-id=\"1b5ca457\" data-element_type=\"section\" data-settings=\"{&quot;background_background&quot;:&quot;classic&quot;}\">\n\t\t\t\t\t\t<div class=\"elementor-container elementor-column-gap-no\">\n\t\t\t\t\t<div class=\"elementor-column elementor-col-100 elementor-top-column elementor-element elementor-element-26d234a3\" data-id=\"26d234a3\" data-element_type=\"column\">\n\t\t\t<div class=\"elementor-widget-wrap elementor-element-populated\">\n\t\t\t\t\t\t<div class=\"elementor-element elementor-element-1f1ee6c9 elementor-widget elementor-widget-heading\" data-id=\"1f1ee6c9\" data-element_type=\"widget\" data-widget_type=\"heading.default\">\n\t\t\t\t<div class=\"elementor-widget-container\">\n\t\t\t\t\t<h4 class=\"elementor-heading-title elementor-size-default\">Why  l'agenda immobilier?<\/h4>\t\t\t\t<\/div>\n\t\t\t\t<\/div>\n\t\t\t\t<div class=\"elementor-element elementor-element-72243369 elementor-widget elementor-widget-text-editor\" data-id=\"72243369\" data-element_type=\"widget\" data-widget_type=\"text-editor.default\">\n\t\t\t\t<div class=\"elementor-widget-container\">\n\t\t\t\t\t\t\t\t\t<p>- Installation and management of your signs<br \/>- Equipment rental (addition, hardware etc.)<br \/>- Courier service (delivery of small packages, documents)<\/p>\t\t\t\t\t\t\t\t<\/div>\n\t\t\t\t<\/div>\n\t\t\t\t<div class=\"elementor-element elementor-element-cb5e7c5 elementor-widget elementor-widget-menu-anchor\" data-id=\"cb5e7c5\" data-element_type=\"widget\" data-widget_type=\"menu-anchor.default\">\n\t\t\t\t<div class=\"elementor-widget-container\">\n\t\t\t\t\t\t\t<div class=\"elementor-menu-anchor\" id=\"pourquoi\"><\/div>\n\t\t\t\t\t\t<\/div>\n\t\t\t\t<\/div>\n\t\t\t\t\t<\/div>\n\t\t<\/div>\n\t\t\t\t\t<\/div>\n\t\t<\/section>\n\t\t\t\t<section class=\"elementor-section elementor-top-section elementor-element elementor-element-5a31c516 elementor-section-content-middle elementor-section-boxed elementor-section-height-default elementor-section-height-default\" data-id=\"5a31c516\" data-element_type=\"section\">\n\t\t\t\t\t\t<div class=\"elementor-container elementor-column-gap-no\">\n\t\t\t\t\t<div class=\"elementor-column elementor-col-100 elementor-top-column elementor-element elementor-element-6c7b72ee\" data-id=\"6c7b72ee\" data-element_type=\"column\">\n\t\t\t<div class=\"elementor-widget-wrap elementor-element-populated\">\n\t\t\t\t\t\t<div class=\"elementor-element elementor-element-16b2f35a elementor-widget elementor-widget-heading\" data-id=\"16b2f35a\" data-element_type=\"widget\" data-widget_type=\"heading.default\">\n\t\t\t\t<div class=\"elementor-widget-container\">\n\t\t\t\t\t<h4 class=\"elementor-heading-title elementor-size-default\">Our Services<\/h4>\t\t\t\t<\/div>\n\t\t\t\t<\/div>\n\t\t\t\t<div class=\"elementor-element elementor-element-ec95965 elementor-widget elementor-widget-menu-anchor\" data-id=\"ec95965\" data-element_type=\"widget\" data-widget_type=\"menu-anchor.default\">\n\t\t\t\t<div class=\"elementor-widget-container\">\n\t\t\t\t\t\t\t<div class=\"elementor-menu-anchor\" id=\"services\"><\/div>\n\t\t\t\t\t\t<\/div>\n\t\t\t\t<\/div>\n\t\t\t\t<section class=\"elementor-section elementor-inner-section elementor-element elementor-element-7e444f31 elementor-section-content-middle elementor-section-boxed elementor-section-height-default elementor-section-height-default\" data-id=\"7e444f31\" data-element_type=\"section\">\n\t\t\t\t\t\t<div class=\"elementor-container elementor-column-gap-no\">\n\t\t\t\t\t<div class=\"elementor-column elementor-col-50 elementor-inner-column elementor-element elementor-element-7a20f9e4\" data-id=\"7a20f9e4\" data-element_type=\"column\" data-settings=\"{&quot;background_background&quot;:&quot;classic&quot;}\">\n\t\t\t<div class=\"elementor-widget-wrap elementor-element-populated\">\n\t\t\t\t\t\t<div class=\"elementor-element elementor-element-5fefdaa8 elementor-position-top elementor-widget elementor-widget-image-box\" data-id=\"5fefdaa8\" data-element_type=\"widget\" data-widget_type=\"image-box.default\">\n\t\t\t\t<div class=\"elementor-widget-container\">\n\t\t\t\t\t<div class=\"elementor-image-box-wrapper\"><figure class=\"elementor-image-box-img\"><img fetchpriority=\"high\" decoding=\"async\" width=\"255\" height=\"255\" src=\"https:\/\/lagendaimmobilier.com\/wp-content\/uploads\/2022\/03\/house.png\" class=\"elementor-animation-grow attachment-full size-full wp-image-104\" alt=\"\" srcset=\"https:\/\/lagendaimmobilier.com\/wp-content\/uploads\/2022\/03\/house.png 255w, https:\/\/lagendaimmobilier.com\/wp-content\/uploads\/2022\/03\/house-150x150.png 150w, https:\/\/lagendaimmobilier.com\/wp-content\/uploads\/2022\/03\/house-100x100.png 100w\" sizes=\"(max-width: 255px) 100vw, 255px\" \/><\/figure><div class=\"elementor-image-box-content\"><h3 class=\"elementor-image-box-title\">Sign Management<\/h3><\/div><\/div>\t\t\t\t<\/div>\n\t\t\t\t<\/div>\n\t\t\t\t<div class=\"elementor-element elementor-element-1b552631 elementor-align-center elementor-widget elementor-widget-button\" data-id=\"1b552631\" data-element_type=\"widget\" data-widget_type=\"button.default\">\n\t\t\t\t<div class=\"elementor-widget-container\">\n\t\t\t\t\t\t\t\t\t<div class=\"elementor-button-wrapper\">\n\t\t\t\t\t<a class=\"elementor-button elementor-button-link elementor-size-sm\" href=\"http:\/\/lagendaimmobilier.com\/en\/installation-de-pancarte\/\">\n\t\t\t\t\t\t<span class=\"elementor-button-content-wrapper\">\n\t\t\t\t\t\t\t\t\t<span class=\"elementor-button-text\">Read more<\/span>\n\t\t\t\t\t<\/span>\n\t\t\t\t\t<\/a>\n\t\t\t\t<\/div>\n\t\t\t\t\t\t\t\t<\/div>\n\t\t\t\t<\/div>\n\t\t\t\t\t<\/div>\n\t\t<\/div>\n\t\t\t\t<div class=\"elementor-column elementor-col-50 elementor-inner-column elementor-element elementor-element-53f608d3\" data-id=\"53f608d3\" data-element_type=\"column\" data-settings=\"{&quot;background_background&quot;:&quot;classic&quot;}\">\n\t\t\t<div class=\"elementor-widget-wrap elementor-element-populated\">\n\t\t\t\t\t\t<div class=\"elementor-element elementor-element-332de3a7 elementor-position-top elementor-widget elementor-widget-image-box\" data-id=\"332de3a7\" data-element_type=\"widget\" data-widget_type=\"image-box.default\">\n\t\t\t\t<div class=\"elementor-widget-container\">\n\t\t\t\t\t<div class=\"elementor-image-box-wrapper\"><figure class=\"elementor-image-box-img\"><img decoding=\"async\" width=\"255\" height=\"255\" src=\"https:\/\/lagendaimmobilier.com\/wp-content\/uploads\/2022\/03\/autre-service.png\" class=\"elementor-animation-grow attachment-full size-full wp-image-111\" alt=\"\" srcset=\"https:\/\/lagendaimmobilier.com\/wp-content\/uploads\/2022\/03\/autre-service.png 255w, https:\/\/lagendaimmobilier.com\/wp-content\/uploads\/2022\/03\/autre-service-150x150.png 150w, https:\/\/lagendaimmobilier.com\/wp-content\/uploads\/2022\/03\/autre-service-100x100.png 100w\" sizes=\"(max-width: 255px) 100vw, 255px\" \/><\/figure><div class=\"elementor-image-box-content\"><h3 class=\"elementor-image-box-title\">Other Services<\/h3><\/div><\/div>\t\t\t\t<\/div>\n\t\t\t\t<\/div>\n\t\t\t\t<div class=\"elementor-element elementor-element-7bf52333 elementor-align-center elementor-widget elementor-widget-button\" data-id=\"7bf52333\" data-element_type=\"widget\" data-widget_type=\"button.default\">\n\t\t\t\t<div class=\"elementor-widget-container\">\n\t\t\t\t\t\t\t\t\t<div class=\"elementor-button-wrapper\">\n\t\t\t\t\t<a class=\"elementor-button elementor-button-link elementor-size-sm\" href=\"http:\/\/lagendaimmobilier.com\/en\/autres-services\/\">\n\t\t\t\t\t\t<span class=\"elementor-button-content-wrapper\">\n\t\t\t\t\t\t\t\t\t<span class=\"elementor-button-text\">Read more<\/span>\n\t\t\t\t\t<\/span>\n\t\t\t\t\t<\/a>\n\t\t\t\t<\/div>\n\t\t\t\t\t\t\t\t<\/div>\n\t\t\t\t<\/div>\n\t\t\t\t\t<\/div>\n\t\t<\/div>\n\t\t\t\t\t<\/div>\n\t\t<\/section>\n\t\t\t\t<section class=\"elementor-section elementor-inner-section elementor-element elementor-element-326c280e elementor-section-content-middle elementor-section-boxed elementor-section-height-default elementor-section-height-default\" data-id=\"326c280e\" data-element_type=\"section\">\n\t\t\t\t\t\t<div class=\"elementor-container elementor-column-gap-no\">\n\t\t\t\t\t<div class=\"elementor-column elementor-col-100 elementor-inner-column elementor-element elementor-element-52406b4c\" data-id=\"52406b4c\" data-element_type=\"column\" data-settings=\"{&quot;background_background&quot;:&quot;classic&quot;}\">\n\t\t\t<div class=\"elementor-widget-wrap elementor-element-populated\">\n\t\t\t\t\t\t<div class=\"elementor-element elementor-element-e95976e elementor-position-top elementor-widget elementor-widget-image-box\" data-id=\"e95976e\" data-element_type=\"widget\" data-widget_type=\"image-box.default\">\n\t\t\t\t<div class=\"elementor-widget-container\">\n\t\t\t\t\t<div class=\"elementor-image-box-wrapper\"><figure class=\"elementor-image-box-img\"><img decoding=\"async\" width=\"255\" height=\"255\" src=\"https:\/\/lagendaimmobilier.com\/wp-content\/uploads\/2022\/03\/entreposage.png\" class=\"elementor-animation-grow attachment-full size-full wp-image-107\" alt=\"\" srcset=\"https:\/\/lagendaimmobilier.com\/wp-content\/uploads\/2022\/03\/entreposage.png 255w, https:\/\/lagendaimmobilier.com\/wp-content\/uploads\/2022\/03\/entreposage-150x150.png 150w, https:\/\/lagendaimmobilier.com\/wp-content\/uploads\/2022\/03\/entreposage-100x100.png 100w\" sizes=\"(max-width: 255px) 100vw, 255px\" \/><\/figure><div class=\"elementor-image-box-content\"><h3 class=\"elementor-image-box-title\">Storage<\/h3><\/div><\/div>\t\t\t\t<\/div>\n\t\t\t\t<\/div>\n\t\t\t\t<div class=\"elementor-element elementor-element-d4c260e elementor-align-center elementor-widget elementor-widget-button\" data-id=\"d4c260e\" data-element_type=\"widget\" data-widget_type=\"button.default\">\n\t\t\t\t<div class=\"elementor-widget-container\">\n\t\t\t\t\t\t\t\t\t<div class=\"elementor-button-wrapper\">\n\t\t\t\t\t<a class=\"elementor-button elementor-button-link elementor-size-sm\" href=\"https:\/\/lagendaimmobilier.com\/en\/entreprosage-de-vos-pancartes\/\">\n\t\t\t\t\t\t<span class=\"elementor-button-content-wrapper\">\n\t\t\t\t\t\t\t\t\t<span class=\"elementor-button-text\">Read more<\/span>\n\t\t\t\t\t<\/span>\n\t\t\t\t\t<\/a>\n\t\t\t\t<\/div>\n\t\t\t\t\t\t\t\t<\/div>\n\t\t\t\t<\/div>\n\t\t\t\t\t<\/div>\n\t\t<\/div>\n\t\t\t\t\t<\/div>\n\t\t<\/section>\n\t\t\t\t\t<\/div>\n\t\t<\/div>\n\t\t\t\t\t<\/div>\n\t\t<\/section>\n\t\t\t\t<\/div>","protected":false},"excerpt":{"rendered":"<p>An experienced team to meet all your needs BE VISIBLE AT ALL TIMES! Our sign installation department guarantees fast, efficient service. We're always available for your special requests. Knowing that the competition is fierce, your signs will be properly installed to catch the eye of potential buyers. [...]<\/p>","protected":false},"author":1,"featured_media":261,"parent":0,"menu_order":0,"comment_status":"closed","ping_status":"closed","template":"","meta":{"inline_featured_image":false,"footnotes":""},"class_list":["post-27","page","type-page","status-publish","has-post-thumbnail","hentry"],"yoast_head":"<!-- This site is optimized with the Yoast SEO Premium plugin v18.2.1 (Yoast SEO v26.3) - https:\/\/yoast.com\/wordpress\/plugins\/seo\/ -->\n<title>Au Service des Courtiers - L&#039;agenda immobilier<\/title>\n<meta name=\"description\" content=\"Vous avez besoin d&#039;un service pour vos pancarte express ou si vous \u00eates un courtier et que vous avez besoin d&#039;aide dans le domaine de l&#039;immobilier.\" \/>\n<meta name=\"robots\" content=\"index, follow, max-snippet:-1, max-image-preview:large, max-video-preview:-1\" \/>\n<link rel=\"canonical\" href=\"https:\/\/lagendaimmobilier.com\/en\/\" \/>\n<meta property=\"og:locale\" content=\"en_US\" \/>\n<meta property=\"og:type\" content=\"article\" \/>\n<meta property=\"og:title\" content=\"Au Service des Courtiers\" \/>\n<meta property=\"og:description\" content=\"Vous avez besoin d&#039;un service pour vos pancarte express ou si vous \u00eates un courtier et que vous avez besoin d&#039;aide dans le domaine de l&#039;immobilier.\" \/>\n<meta property=\"og:url\" content=\"https:\/\/lagendaimmobilier.com\/en\/\" \/>\n<meta property=\"og:site_name\" content=\"L&#039;agenda immobilier\" \/>\n<meta property=\"article:modified_time\" content=\"2025-03-05T15:58:43+00:00\" \/>\n<meta property=\"og:image\" content=\"https:\/\/lagendaimmobilier.com\/wp-content\/uploads\/2022\/04\/Untitled-design-17.jpg\" \/>\n\t<meta property=\"og:image:width\" content=\"1080\" \/>\n\t<meta property=\"og:image:height\" content=\"1080\" \/>\n\t<meta property=\"og:image:type\" content=\"image\/jpeg\" \/>\n<meta name=\"twitter:card\" content=\"summary_large_image\" \/>\n<meta name=\"twitter:label1\" content=\"Est. reading time\" \/>\n\t<meta name=\"twitter:data1\" content=\"2 minutes\" \/>\n<script type=\"application\/ld+json\" class=\"yoast-schema-graph\">{\"@context\":\"https:\/\/schema.org\",\"@graph\":[{\"@type\":\"WebPage\",\"@id\":\"https:\/\/lagendaimmobilier.com\/en\/\",\"url\":\"https:\/\/lagendaimmobilier.com\/en\/\",\"name\":\"Au Service des Courtiers - L&#039;agenda immobilier\",\"isPartOf\":{\"@id\":\"https:\/\/lagendaimmobilier.com\/#website\"},\"primaryImageOfPage\":{\"@id\":\"https:\/\/lagendaimmobilier.com\/en\/#primaryimage\"},\"image\":{\"@id\":\"https:\/\/lagendaimmobilier.com\/en\/#primaryimage\"},\"thumbnailUrl\":\"https:\/\/lagendaimmobilier.com\/wp-content\/uploads\/2022\/04\/Untitled-design-17.jpg\",\"datePublished\":\"2022-03-26T12:25:56+00:00\",\"dateModified\":\"2025-03-05T15:58:43+00:00\",\"description\":\"Vous avez besoin d'un service pour vos pancarte express ou si vous \u00eates un courtier et que vous avez besoin d'aide dans le domaine de l'immobilier.\",\"breadcrumb\":{\"@id\":\"https:\/\/lagendaimmobilier.com\/en\/#breadcrumb\"},\"inLanguage\":\"en-US\",\"potentialAction\":[{\"@type\":\"ReadAction\",\"target\":[\"https:\/\/lagendaimmobilier.com\/en\/\"]}]},{\"@type\":\"ImageObject\",\"inLanguage\":\"en-US\",\"@id\":\"https:\/\/lagendaimmobilier.com\/en\/#primaryimage\",\"url\":\"https:\/\/lagendaimmobilier.com\/wp-content\/uploads\/2022\/04\/Untitled-design-17.jpg\",\"contentUrl\":\"https:\/\/lagendaimmobilier.com\/wp-content\/uploads\/2022\/04\/Untitled-design-17.jpg\",\"width\":1080,\"height\":1080},{\"@type\":\"BreadcrumbList\",\"@id\":\"https:\/\/lagendaimmobilier.com\/en\/#breadcrumb\",\"itemListElement\":[{\"@type\":\"ListItem\",\"position\":1,\"name\":\"Home\",\"item\":\"https:\/\/lagendaimmobilier.com\/en\/\"},{\"@type\":\"ListItem\",\"position\":2,\"name\":\"Au Service des Courtiers\"}]},{\"@type\":\"WebSite\",\"@id\":\"https:\/\/lagendaimmobilier.com\/#website\",\"url\":\"https:\/\/lagendaimmobilier.com\/\",\"name\":\"L&#039;agenda immobilier\",\"description\":\"UNE \u00c9QUIPE CHEVRONN\u00c9E POUR R\u00c9PONDRE \u00c0 TOUS VOS BESOINS\",\"potentialAction\":[{\"@type\":\"SearchAction\",\"target\":{\"@type\":\"EntryPoint\",\"urlTemplate\":\"https:\/\/lagendaimmobilier.com\/?s={search_term_string}\"},\"query-input\":{\"@type\":\"PropertyValueSpecification\",\"valueRequired\":true,\"valueName\":\"search_term_string\"}}],\"inLanguage\":\"en-US\"}]}<\/script>\n<!-- \/ Yoast SEO Premium plugin. -->","yoast_head_json":{"title":"Au Service des Courtiers - L&#039;agenda immobilier","description":"Vous avez besoin d'un service pour vos pancarte express ou si vous \u00eates un courtier et que vous avez besoin d'aide dans le domaine de l'immobilier.","robots":{"index":"index","follow":"follow","max-snippet":"max-snippet:-1","max-image-preview":"max-image-preview:large","max-video-preview":"max-video-preview:-1"},"canonical":"https:\/\/lagendaimmobilier.com\/en\/","og_locale":"en_US","og_type":"article","og_title":"Au Service des Courtiers","og_description":"Vous avez besoin d'un service pour vos pancarte express ou si vous \u00eates un courtier et que vous avez besoin d'aide dans le domaine de l'immobilier.","og_url":"https:\/\/lagendaimmobilier.com\/en\/","og_site_name":"L&#039;agenda immobilier","article_modified_time":"2025-03-05T15:58:43+00:00","og_image":[{"width":1080,"height":1080,"url":"https:\/\/lagendaimmobilier.com\/wp-content\/uploads\/2022\/04\/Untitled-design-17.jpg","type":"image\/jpeg"}],"twitter_card":"summary_large_image","twitter_misc":{"Est. reading time":"2 minutes"},"schema":{"@context":"https:\/\/schema.org","@graph":[{"@type":"WebPage","@id":"https:\/\/lagendaimmobilier.com\/en\/","url":"https:\/\/lagendaimmobilier.com\/en\/","name":"Au Service des Courtiers - L&#039;agenda immobilier","isPartOf":{"@id":"https:\/\/lagendaimmobilier.com\/#website"},"primaryImageOfPage":{"@id":"https:\/\/lagendaimmobilier.com\/en\/#primaryimage"},"image":{"@id":"https:\/\/lagendaimmobilier.com\/en\/#primaryimage"},"thumbnailUrl":"https:\/\/lagendaimmobilier.com\/wp-content\/uploads\/2022\/04\/Untitled-design-17.jpg","datePublished":"2022-03-26T12:25:56+00:00","dateModified":"2025-03-05T15:58:43+00:00","description":"Vous avez besoin d'un service pour vos pancarte express ou si vous \u00eates un courtier et que vous avez besoin d'aide dans le domaine de l'immobilier.","breadcrumb":{"@id":"https:\/\/lagendaimmobilier.com\/en\/#breadcrumb"},"inLanguage":"en-US","potentialAction":[{"@type":"ReadAction","target":["https:\/\/lagendaimmobilier.com\/en\/"]}]},{"@type":"ImageObject","inLanguage":"en-US","@id":"https:\/\/lagendaimmobilier.com\/en\/#primaryimage","url":"https:\/\/lagendaimmobilier.com\/wp-content\/uploads\/2022\/04\/Untitled-design-17.jpg","contentUrl":"https:\/\/lagendaimmobilier.com\/wp-content\/uploads\/2022\/04\/Untitled-design-17.jpg","width":1080,"height":1080},{"@type":"BreadcrumbList","@id":"https:\/\/lagendaimmobilier.com\/en\/#breadcrumb","itemListElement":[{"@type":"ListItem","position":1,"name":"Home","item":"https:\/\/lagendaimmobilier.com\/en\/"},{"@type":"ListItem","position":2,"name":"Au Service des Courtiers"}]},{"@type":"WebSite","@id":"https:\/\/lagendaimmobilier.com\/#website","url":"https:\/\/lagendaimmobilier.com\/","name":"L&#039;real estate agenda","description":"AN EXPERIENCED TEAM TO MEET ALL YOUR NEEDS","potentialAction":[{"@type":"SearchAction","target":{"@type":"EntryPoint","urlTemplate":"https:\/\/lagendaimmobilier.com\/?s={search_term_string}"},"query-input":{"@type":"PropertyValueSpecification","valueRequired":true,"valueName":"search_term_string"}}],"inLanguage":"en-US"}]}},"_links":{"self":[{"href":"https:\/\/lagendaimmobilier.com\/en\/wp-json\/wp\/v2\/pages\/27","targetHints":{"allow":["GET"]}}],"collection":[{"href":"https:\/\/lagendaimmobilier.com\/en\/wp-json\/wp\/v2\/pages"}],"about":[{"href":"https:\/\/lagendaimmobilier.com\/en\/wp-json\/wp\/v2\/types\/page"}],"author":[{"embeddable":true,"href":"https:\/\/lagendaimmobilier.com\/en\/wp-json\/wp\/v2\/users\/1"}],"replies":[{"embeddable":true,"href":"https:\/\/lagendaimmobilier.com\/en\/wp-json\/wp\/v2\/comments?post=27"}],"version-history":[{"count":89,"href":"https:\/\/lagendaimmobilier.com\/en\/wp-json\/wp\/v2\/pages\/27\/revisions"}],"predecessor-version":[{"id":325,"href":"https:\/\/lagendaimmobilier.com\/en\/wp-json\/wp\/v2\/pages\/27\/revisions\/325"}],"wp:featuredmedia":[{"embeddable":true,"href":"https:\/\/lagendaimmobilier.com\/en\/wp-json\/wp\/v2\/media\/261"}],"wp:attachment":[{"href":"https:\/\/lagendaimmobilier.com\/en\/wp-json\/wp\/v2\/media?parent=27"}],"curies":[{"name":"wp","href":"https:\/\/api.w.org\/{rel}","templated":true}]}}